{"id":12030,"date":"2020-10-15T09:16:23","date_gmt":"2020-10-15T09:16:23","guid":{"rendered":"http:\/\/pentacon.nl\/?page_id=12030"},"modified":"2020-10-15T09:39:58","modified_gmt":"2020-10-15T09:39:58","slug":"production-material-handling","status":"publish","type":"page","link":"https:\/\/pentacon.nl\/en\/industrieen\/production-material-handling\/","title":{"rendered":"Production &#038; Material handling"},"content":{"rendered":"\n<style type=\"text\/css\" data-created_by=\"avia_inline_auto\" id=\"style-css-av-auoaix-9db2cd2d2ba41c7bfe6a7612a5ab39b6\">\n.avia-section.av-auoaix-9db2cd2d2ba41c7bfe6a7612a5ab39b6{\nbackground-repeat:no-repeat;\nbackground-image:url(https:\/\/pentacon.nl\/wp-content\/uploads\/2013\/04\/Production-Material-handling-1500x630.jpg);\nbackground-position:0% 0%;\nbackground-attachment:scroll;\n}\n.avia-section.av-auoaix-9db2cd2d2ba41c7bfe6a7612a5ab39b6 .av-section-color-overlay{\nopacity:0.4;\nbackground-color:#533484;\n}\n<\/style>\n<div id='av_section_1'  class='avia-section av-auoaix-9db2cd2d2ba41c7bfe6a7612a5ab39b6 alternate_color avia-section-default avia-no-shadow  avia-builder-el-0  el_before_av_one_full  avia-builder-el-first  avia-full-stretch avia-bg-style-scroll av-section-color-overlay-active av-minimum-height av-minimum-height-50 av-height-50  container_wrap sidebar_right'  data-section-bg-repeat='stretch' data-av_minimum_height_pc='50' data-av_min_height_opt='50'><div class=\"av-section-color-overlay-wrap\"><div class=\"av-section-color-overlay\"><\/div><div class='container av-section-cont-open' ><main  role=\"main\" itemprop=\"mainContentOfPage\"  class='template-page content  av-content-small alpha units'><div class='post-entry post-entry-type-page post-entry-12030'><div class='entry-content-wrapper clearfix'><\/div><\/div><\/main><!-- close content main element --><\/div><\/div><\/div><div id='after_section_1'  class='main_color av_default_container_wrap container_wrap sidebar_right'  ><div class='container av-section-cont-open' ><div class='template-page content  av-content-small alpha units'><div class='post-entry post-entry-type-page post-entry-12030'><div class='entry-content-wrapper clearfix'>\n\n<style type=\"text\/css\" data-created_by=\"avia_inline_auto\" id=\"style-css-av-9ti789-b90e49968993560a3fae19c7d19764ab\">\n.flex_column.av-9ti789-b90e49968993560a3fae19c7d19764ab{\nborder-radius:0px 0px 0px 0px;\npadding:0px 0px 0px 0px;\n}\n<\/style>\n<div  class='flex_column av-9ti789-b90e49968993560a3fae19c7d19764ab av_one_full  avia-builder-el-1  el_after_av_section  el_before_av_hr  avia-builder-el-first  first flex_column_div av-zero-column-padding  '     ><section  class='av_textblock_section av-pjcxl-7130be155c907f0fc264f8b7ce476c2b '   itemscope=\"itemscope\" itemtype=\"https:\/\/schema.org\/CreativeWork\" ><div class='avia_textblock'  itemprop=\"text\" ><h1>Production &#038; Material handling<\/h1>\n<p>Production environments with machines that often must perform the same operations repetitively to create a final product of constant quality, that is the field of mechatronics. Optimizing production processes to increase the efficiency. When it comes to this, engineering firm Pentacon can give you total peace of mind by completely taking over your machine development. From setting up the business case to prototyping and realisation. Of course it\u2019s also possible to use our services just for parts of the engineering process, such as concept or basic engineering. This can be done in-house or at the client site.<\/p>\n<p>In the field of material handling, we develop specialized autonomous industrial vehicles for both indoor and outdoor use.<\/p>\n<h2>AGV ontwikkeling<\/h2>\n<p>Als spin-off van \u00e9\u00e9n van onze material handling projecten is Movi\u011co Robotics bv ontstaan. Dit bedrijf ontwikkeld op het gebied van material handling specialistische oplossingen met behulp van autonome industri\u00eble voertuigen voor zowel indoor als outdoor toepassingen.<\/p>\n<\/div><\/section><\/div>\n<div  class='hr av-6erwl5-6c89171cbd8710f4846830a52c759229 hr-default  avia-builder-el-3  el_after_av_one_full  el_before_av_one_full '><span class='hr-inner '><span class=\"hr-inner-style\"><\/span><\/span><\/div>\n\n<style type=\"text\/css\" data-created_by=\"avia_inline_auto\" id=\"style-css-av-4od18p-41ed7f6ac376f947750cb1c3e52cbf00\">\n.flex_column.av-4od18p-41ed7f6ac376f947750cb1c3e52cbf00{\nborder-radius:0px 0px 0px 0px;\npadding:0px 0px 0px 0px;\n}\n<\/style>\n<div  class='flex_column av-4od18p-41ed7f6ac376f947750cb1c3e52cbf00 av_one_full  avia-builder-el-4  el_after_av_hr  avia-builder-el-last  first flex_column_div av-zero-column-padding  '     ><div  id=\"av-sc-portfolio-1\"  class=' grid-sort-container isotope   no_margin-container with-excerpt-container grid-total-even grid-col-4 grid-links-' data-portfolio-id='1'><div data-ajax-id='12050' class=' grid-entry flex_column isotope-item all_sort no_margin post-entry post-entry-12050 grid-entry-overview grid-loop-1 grid-parity-odd  production-material-handling-en_sort  av_one_fourth first default_av_fullwidth '><article class='main_color inner-entry'  itemscope=\"itemscope\" itemtype=\"https:\/\/schema.org\/CreativeWork\" ><a href=\"https:\/\/pentacon.nl\/en\/portfolio-item\/variabel-hijsjuk\/\" title='Variabel hijsjuk'  data-rel='grid-1' class='grid-image avia-hover-fx'> <img decoding=\"async\" fetchpriority=\"high\" width=\"260\" height=\"185\" src=\"https:\/\/pentacon.nl\/wp-content\/uploads\/2017\/06\/Production-Material-handling-e1532944437443-260x185.jpg\" class=\"wp-image-12042 avia-img-lazy-loading-not-12042 attachment-portfolio_small size-portfolio_small wp-post-image\" alt=\"\" \/><\/a><div class='grid-content'><div class='avia-arrow'><\/div><header class=\"entry-content-header\"><h3 class='grid-entry-title entry-title '  itemprop=\"headline\" ><a href='https:\/\/pentacon.nl\/en\/portfolio-item\/variabel-hijsjuk\/' title='Variabel hijsjuk'>Variabel hijsjuk<\/a><\/h3><\/header><\/div><footer class=\"entry-footer\"><\/footer><\/article><\/div><div data-ajax-id='12747' class=' grid-entry flex_column isotope-item all_sort no_margin post-entry post-entry-12747 grid-entry-overview grid-loop-2 grid-parity-even  production-material-handling-en_sort  av_one_fourth  default_av_fullwidth '><article class='main_color inner-entry'  itemscope=\"itemscope\" itemtype=\"https:\/\/schema.org\/CreativeWork\" ><a href=\"https:\/\/pentacon.nl\/en\/portfolio-item\/variabel-hijsjuk-2\/\" title='Variabel hijsjuk'  data-rel='grid-1' class='grid-image avia-hover-fx'> <img decoding=\"async\" fetchpriority=\"high\" width=\"260\" height=\"185\" src=\"https:\/\/pentacon.nl\/wp-content\/uploads\/2017\/06\/Levering-variabel-hijsjuk-260x185.jpg\" class=\"wp-image-12040 avia-img-lazy-loading-not-12040 attachment-portfolio_small size-portfolio_small wp-post-image\" alt=\"\" \/><\/a><div class='grid-content'><div class='avia-arrow'><\/div><header class=\"entry-content-header\"><h3 class='grid-entry-title entry-title '  itemprop=\"headline\" ><a href='https:\/\/pentacon.nl\/en\/portfolio-item\/variabel-hijsjuk-2\/' title='Variabel hijsjuk'>Variabel hijsjuk<\/a><\/h3><\/header><\/div><footer class=\"entry-footer\"><\/footer><\/article><\/div><div data-ajax-id='12052' class=' grid-entry flex_column isotope-item all_sort no_margin post-entry post-entry-12052 grid-entry-overview grid-loop-3 grid-parity-odd  production-material-handling-en_sort  av_one_fourth  default_av_fullwidth '><article class='main_color inner-entry'  itemscope=\"itemscope\" itemtype=\"https:\/\/schema.org\/CreativeWork\" ><a href=\"https:\/\/pentacon.nl\/en\/portfolio-item\/industriele-outdoor-agv\/\" title='Industri\u00eble Outdoor AGV'  data-rel='grid-1' class='grid-image avia-hover-fx'> <img decoding=\"async\" fetchpriority=\"high\" width=\"260\" height=\"185\" src=\"https:\/\/pentacon.nl\/wp-content\/uploads\/2018\/03\/AGV01-260x185.jpg\" class=\"wp-image-12054 avia-img-lazy-loading-not-12054 attachment-portfolio_small size-portfolio_small wp-post-image\" alt=\"\" \/><\/a><div class='grid-content'><div class='avia-arrow'><\/div><header class=\"entry-content-header\"><h3 class='grid-entry-title entry-title '  itemprop=\"headline\" ><a href='https:\/\/pentacon.nl\/en\/portfolio-item\/industriele-outdoor-agv\/' title='Industri\u00eble Outdoor AGV'>Industri\u00eble Outdoor AGV<\/a><\/h3><\/header><\/div><footer class=\"entry-footer\"><\/footer><\/article><\/div><div data-ajax-id='12048' class=' grid-entry flex_column isotope-item all_sort no_margin post-entry post-entry-12048 grid-entry-overview grid-loop-4 grid-parity-even  post-entry-last  production-material-handling-en_sort  av_one_fourth  default_av_fullwidth '><article class='main_color inner-entry'  itemscope=\"itemscope\" itemtype=\"https:\/\/schema.org\/CreativeWork\" ><a href=\"https:\/\/pentacon.nl\/en\/portfolio-item\/industriele-autonome-pallet-agv\/\" title='Industri\u00eble autonome pallet AGV'  data-rel='grid-1' class='grid-image avia-hover-fx'> <img decoding=\"async\" fetchpriority=\"high\" width=\"260\" height=\"185\" src=\"https:\/\/pentacon.nl\/wp-content\/uploads\/2020\/04\/Sharko10_front-1536x646-1-260x185.jpg\" class=\"wp-image-12521 avia-img-lazy-loading-not-12521 attachment-portfolio_small size-portfolio_small wp-post-image\" alt=\"\" \/><\/a><div class='grid-content'><div class='avia-arrow'><\/div><header class=\"entry-content-header\"><h3 class='grid-entry-title entry-title '  itemprop=\"headline\" ><a href='https:\/\/pentacon.nl\/en\/portfolio-item\/industriele-autonome-pallet-agv\/' title='Industri\u00eble autonome pallet AGV'>Industri\u00eble autonome pallet AGV<\/a><\/h3><\/header><\/div><footer class=\"entry-footer\"><\/footer><\/article><\/div><\/div><\/div>\n","protected":false},"excerpt":{"rendered":"","protected":false},"author":1,"featured_media":0,"parent":4770,"menu_order":0,"comment_status":"open","ping_status":"closed","template":"","meta":{"_monsterinsights_skip_tracking":false,"_monsterinsights_sitenote_active":false,"_monsterinsights_sitenote_note":"","_monsterinsights_sitenote_category":0,"footnotes":""},"class_list":["post-12030","page","type-page","status-publish","hentry"],"yoast_head":"<!-- This site is optimized with the Yoast SEO plugin v27.3 - https:\/\/yoast.com\/product\/yoast-seo-wordpress\/ -->\n<title>Production &amp; Material handling - Pentacon<\/title>\n<meta name=\"robots\" content=\"index, follow, max-snippet:-1, max-image-preview:large, max-video-preview:-1\" \/>\n<link rel=\"canonical\" href=\"https:\/\/pentacon.nl\/en\/industrieen\/production-material-handling\/\" \/>\n<meta property=\"og:locale\" content=\"en_US\" \/>\n<meta property=\"og:type\" content=\"article\" \/>\n<meta property=\"og:title\" content=\"Production &amp; Material handling - Pentacon\" \/>\n<meta property=\"og:url\" content=\"https:\/\/pentacon.nl\/en\/industrieen\/production-material-handling\/\" \/>\n<meta property=\"og:site_name\" content=\"Pentacon\" \/>\n<meta property=\"article:modified_time\" content=\"2020-10-15T09:39:58+00:00\" \/>\n<meta name=\"twitter:card\" content=\"summary_large_image\" \/>\n<meta name=\"twitter:label1\" content=\"Est. reading time\" \/>\n\t<meta name=\"twitter:data1\" content=\"3 minutes\" \/>\n<script type=\"application\/ld+json\" class=\"yoast-schema-graph\">{\"@context\":\"https:\\\/\\\/schema.org\",\"@graph\":[{\"@type\":\"WebPage\",\"@id\":\"https:\\\/\\\/pentacon.nl\\\/en\\\/industrieen\\\/production-material-handling\\\/\",\"url\":\"https:\\\/\\\/pentacon.nl\\\/en\\\/industrieen\\\/production-material-handling\\\/\",\"name\":\"Production & Material handling - Pentacon\",\"isPartOf\":{\"@id\":\"https:\\\/\\\/pentacon.nl\\\/#website\"},\"datePublished\":\"2020-10-15T09:16:23+00:00\",\"dateModified\":\"2020-10-15T09:39:58+00:00\",\"breadcrumb\":{\"@id\":\"https:\\\/\\\/pentacon.nl\\\/en\\\/industrieen\\\/production-material-handling\\\/#breadcrumb\"},\"inLanguage\":\"en-US\",\"potentialAction\":[{\"@type\":\"ReadAction\",\"target\":[\"https:\\\/\\\/pentacon.nl\\\/en\\\/industrieen\\\/production-material-handling\\\/\"]}]},{\"@type\":\"BreadcrumbList\",\"@id\":\"https:\\\/\\\/pentacon.nl\\\/en\\\/industrieen\\\/production-material-handling\\\/#breadcrumb\",\"itemListElement\":[{\"@type\":\"ListItem\",\"position\":1,\"name\":\"Home\",\"item\":\"https:\\\/\\\/pentacon.nl\\\/en\\\/\"},{\"@type\":\"ListItem\",\"position\":2,\"name\":\"Industrie\u00ebn\",\"item\":\"https:\\\/\\\/pentacon.nl\\\/en\\\/industrieen\\\/\"},{\"@type\":\"ListItem\",\"position\":3,\"name\":\"Production &#038; Material handling\"}]},{\"@type\":\"WebSite\",\"@id\":\"https:\\\/\\\/pentacon.nl\\\/#website\",\"url\":\"https:\\\/\\\/pentacon.nl\\\/\",\"name\":\"Pentacon\",\"description\":\"Ingenieursbureau Haarlem\",\"potentialAction\":[{\"@type\":\"SearchAction\",\"target\":{\"@type\":\"EntryPoint\",\"urlTemplate\":\"https:\\\/\\\/pentacon.nl\\\/?s={search_term_string}\"},\"query-input\":{\"@type\":\"PropertyValueSpecification\",\"valueRequired\":true,\"valueName\":\"search_term_string\"}}],\"inLanguage\":\"en-US\"}]}<\/script>\n<!-- \/ Yoast SEO plugin. -->","yoast_head_json":{"title":"Production & Material handling - Pentacon","robots":{"index":"index","follow":"follow","max-snippet":"max-snippet:-1","max-image-preview":"max-image-preview:large","max-video-preview":"max-video-preview:-1"},"canonical":"https:\/\/pentacon.nl\/en\/industrieen\/production-material-handling\/","og_locale":"en_US","og_type":"article","og_title":"Production & Material handling - Pentacon","og_url":"https:\/\/pentacon.nl\/en\/industrieen\/production-material-handling\/","og_site_name":"Pentacon","article_modified_time":"2020-10-15T09:39:58+00:00","twitter_card":"summary_large_image","twitter_misc":{"Est. reading time":"3 minutes"},"schema":{"@context":"https:\/\/schema.org","@graph":[{"@type":"WebPage","@id":"https:\/\/pentacon.nl\/en\/industrieen\/production-material-handling\/","url":"https:\/\/pentacon.nl\/en\/industrieen\/production-material-handling\/","name":"Production & Material handling - Pentacon","isPartOf":{"@id":"https:\/\/pentacon.nl\/#website"},"datePublished":"2020-10-15T09:16:23+00:00","dateModified":"2020-10-15T09:39:58+00:00","breadcrumb":{"@id":"https:\/\/pentacon.nl\/en\/industrieen\/production-material-handling\/#breadcrumb"},"inLanguage":"en-US","potentialAction":[{"@type":"ReadAction","target":["https:\/\/pentacon.nl\/en\/industrieen\/production-material-handling\/"]}]},{"@type":"BreadcrumbList","@id":"https:\/\/pentacon.nl\/en\/industrieen\/production-material-handling\/#breadcrumb","itemListElement":[{"@type":"ListItem","position":1,"name":"Home","item":"https:\/\/pentacon.nl\/en\/"},{"@type":"ListItem","position":2,"name":"Industrie\u00ebn","item":"https:\/\/pentacon.nl\/en\/industrieen\/"},{"@type":"ListItem","position":3,"name":"Production &#038; Material handling"}]},{"@type":"WebSite","@id":"https:\/\/pentacon.nl\/#website","url":"https:\/\/pentacon.nl\/","name":"Pentacon","description":"Ingenieursbureau Haarlem","potentialAction":[{"@type":"SearchAction","target":{"@type":"EntryPoint","urlTemplate":"https:\/\/pentacon.nl\/?s={search_term_string}"},"query-input":{"@type":"PropertyValueSpecification","valueRequired":true,"valueName":"search_term_string"}}],"inLanguage":"en-US"}]}},"_links":{"self":[{"href":"https:\/\/pentacon.nl\/en\/wp-json\/wp\/v2\/pages\/12030","targetHints":{"allow":["GET"]}}],"collection":[{"href":"https:\/\/pentacon.nl\/en\/wp-json\/wp\/v2\/pages"}],"about":[{"href":"https:\/\/pentacon.nl\/en\/wp-json\/wp\/v2\/types\/page"}],"author":[{"embeddable":true,"href":"https:\/\/pentacon.nl\/en\/wp-json\/wp\/v2\/users\/1"}],"replies":[{"embeddable":true,"href":"https:\/\/pentacon.nl\/en\/wp-json\/wp\/v2\/comments?post=12030"}],"version-history":[{"count":5,"href":"https:\/\/pentacon.nl\/en\/wp-json\/wp\/v2\/pages\/12030\/revisions"}],"predecessor-version":[{"id":12060,"href":"https:\/\/pentacon.nl\/en\/wp-json\/wp\/v2\/pages\/12030\/revisions\/12060"}],"up":[{"embeddable":true,"href":"https:\/\/pentacon.nl\/en\/wp-json\/wp\/v2\/pages\/4770"}],"wp:attachment":[{"href":"https:\/\/pentacon.nl\/en\/wp-json\/wp\/v2\/media?parent=12030"}],"curies":[{"name":"wp","href":"https:\/\/api.w.org\/{rel}","templated":true}]}}